{"id":5241,"date":"2024-02-27T13:31:24","date_gmt":"2024-02-27T12:31:24","guid":{"rendered":"https:\/\/www-dev.lelit.com\/product\/bianca-pl162t\/"},"modified":"2026-03-02T09:51:50","modified_gmt":"2026-03-02T08:51:50","slug":"bianca-pl162t","status":"publish","type":"product","link":"https:\/\/www.lelit.com\/it\/prodotto\/bianca-pl162t\/","title":{"rendered":"Bianca PL162T-EU"},"excerpt":{"rendered":"<p>Bianca PL162T \u00e8 una macchina da caff\u00e8 con gruppo L58E e controllo manuale del flusso dell&#8217;acqua. La doppia caldaia garantisce una stabilit\u00e0 termica insuperabile.<\/p>\n","protected":false},"template":"","categorie-prodotti":[38],"class_list":["post-5241","product","type-product","status-publish","hentry","categorie-prodotti-macchine-da-caffe"],"_links":{"self":[{"href":"https:\/\/www.lelit.com\/it\/wp-json\/wp\/v2\/product\/5241","targetHints":{"allow":["GET"]}}],"collection":[{"href":"https:\/\/www.lelit.com\/it\/wp-json\/wp\/v2\/product"}],"about":[{"href":"https:\/\/www.lelit.com\/it\/wp-json\/wp\/v2\/types\/product"}],"wp:attachment":[{"href":"https:\/\/www.lelit.com\/it\/wp-json\/wp\/v2\/media?parent=5241"}],"wp:term":[{"taxonomy":"categorie-prodotti","embeddable":true,"href":"https:\/\/www.lelit.com\/it\/wp-json\/wp\/v2\/categorie-prodotti?post=5241"}],"curies":[{"name":"wp","href":"https:\/\/api.w.org\/{rel}","templated":true}]}}